{"id":106,"date":"2020-03-12T18:21:13","date_gmt":"2020-03-12T17:21:13","guid":{"rendered":"http:\/\/www.exposition-paris.info\/galeries-art-paris\/?page_id=106"},"modified":"2025-11-21T15:43:09","modified_gmt":"2025-11-21T14:43:09","slug":"ajouter-votre-expo-gratuitement","status":"publish","type":"page","link":"https:\/\/www.exposition-paris.info\/galeries-art-paris\/ajouter-votre-expo-gratuitement\/","title":{"rendered":"Ajouter votre expo gratuitement"},"content":{"rendered":"<section class=\"wpb-content-wrapper\"><p>[vc_row][vc_column][vc_column_text css=\u00a0\u00bb.vc_custom_1595687648315{padding-top: 20px !important;padding-right: 20px !important;padding-bottom: 20px !important;padding-left: 20px !important;background-color: #ffffff !important;}\u00a0\u00bb]<\/p>\n<h1>Ajouter votre expo gratuitement !<\/h1>\n<p style=\"text-align: justify;\">Le service de <strong>Petites annonces \u2013 Galeries d\u2019art<\/strong> du site Exposition-Paris.info propos\u00e9 par l&rsquo;entreprise NEOFRANCE est r\u00e9serv\u00e9 uniquement \u00e0 la publication d\u2019annonces concernant des expositions temporaires sur Paris et la R\u00e9gion Parisienne.<\/p>\n<p style=\"text-align: justify;\">Le service de Petites annonces \u2013 Galeries d\u2019art du site Exposition-Paris.info est <strong>gratuit<\/strong>* pour une publication d&rsquo;une dur\u00e9e de 30 jours dans le respect des <strong><a href=\"https:\/\/www.exposition-paris.info\/galeries-art-paris\/conditions-d-utilisation\/\">conditions d&rsquo;utilisation<\/a><\/strong>.<\/p>\n<hr \/>\n<ul>\n<li><strong><a href=\"https:\/\/www.exposition-paris.info\/galeries-art-paris\/mon-compte\/\">Cr\u00e9er mon compte Galeriste \/ Artiste<\/a><\/strong><\/li>\n<li><strong><a href=\"https:\/\/www.exposition-paris.info\/galeries-art-paris\/expositions-en-ce-moment\/ajouter-une-expo-a-paris\/\">Ajouter une exposition<\/a><\/strong><\/li>\n<\/ul>\n<p>[\/vc_column_text][\/vc_column][\/vc_row]<\/p>\n<\/section>","protected":false},"excerpt":{"rendered":"<p>[vc_row][vc_column][vc_column_text css=\u00a0\u00bb.vc_custom_1595687648315{padding-top: 20px !important;padding-right: 20px !important;padding-bottom: 20px !important;padding-left: 20px !important;background-color: #ffffff !important;}\u00a0\u00bb] Ajouter votre expo gratuitement ! Le service de Petites annonces \u2013 Galeries d\u2019art du site Exposition-Paris.info propos\u00e9 par l&rsquo;entreprise NEOFRANCE est r\u00e9serv\u00e9 uniquement \u00e0 la publication d\u2019annonces concernant des expositions temporaires sur Paris et la R\u00e9gion Parisienne. Le service de Petites annonces \u2013 &#8230; <a title=\"Ajouter votre expo gratuitement\" class=\"read-more\" href=\"https:\/\/www.exposition-paris.info\/galeries-art-paris\/ajouter-votre-expo-gratuitement\/\" aria-label=\"Plus sur Ajouter votre expo gratuitement\">Read more<\/a><\/p>\n","protected":false},"author":1,"featured_media":0,"parent":0,"menu_order":0,"comment_status":"closed","ping_status":"closed","template":"","meta":{"footnotes":""},"class_list":["post-106","page","type-page","status-publish"],"aioseo_notices":[],"_links":{"self":[{"href":"https:\/\/www.exposition-paris.info\/galeries-art-paris\/wp-json\/wp\/v2\/pages\/106","targetHints":{"allow":["GET"]}}],"collection":[{"href":"https:\/\/www.exposition-paris.info\/galeries-art-paris\/wp-json\/wp\/v2\/pages"}],"about":[{"href":"https:\/\/www.exposition-paris.info\/galeries-art-paris\/wp-json\/wp\/v2\/types\/page"}],"author":[{"embeddable":true,"href":"https:\/\/www.exposition-paris.info\/galeries-art-paris\/wp-json\/wp\/v2\/users\/1"}],"replies":[{"embeddable":true,"href":"https:\/\/www.exposition-paris.info\/galeries-art-paris\/wp-json\/wp\/v2\/comments?post=106"}],"version-history":[{"count":12,"href":"https:\/\/www.exposition-paris.info\/galeries-art-paris\/wp-json\/wp\/v2\/pages\/106\/revisions"}],"predecessor-version":[{"id":193,"href":"https:\/\/www.exposition-paris.info\/galeries-art-paris\/wp-json\/wp\/v2\/pages\/106\/revisions\/193"}],"wp:attachment":[{"href":"https:\/\/www.exposition-paris.info\/galeries-art-paris\/wp-json\/wp\/v2\/media?parent=106"}],"curies":[{"name":"wp","href":"https:\/\/api.w.org\/{rel}","templated":true}]}}